{"id":33,"date":"2019-10-27T11:22:12","date_gmt":"2019-10-27T11:22:12","guid":{"rendered":"http:\/\/lerntherapie-schaller.de\/?page_id=33"},"modified":"2022-11-18T16:30:06","modified_gmt":"2022-11-18T15:30:06","slug":"willkommen","status":"publish","type":"page","link":"https:\/\/lerntherapie-schaller.de\/","title":{"rendered":"Ein herzliches Willkommen"},"content":{"rendered":"\n<p><\/p>\n\n\n\n<p><\/p>\n\n\n\n<div class=\"wp-block-image\"><figure class=\"aligncenter is-resized\"><img loading=\"lazy\" src=\"http:\/\/lerntherapie-schaller.de\/wp-content\/uploads\/2019\/10\/Kerstin-1.png\" alt=\"\" class=\"wp-image-54\" width=\"358\" height=\"380\" srcset=\"https:\/\/lerntherapie-schaller.de\/wp-content\/uploads\/2019\/10\/Kerstin-1.png 477w, https:\/\/lerntherapie-schaller.de\/wp-content\/uploads\/2019\/10\/Kerstin-1-283x300.png 283w\" sizes=\"(max-width: 358px) 100vw, 358px\" \/><figcaption> <br> <br><strong> Liebe Besucherin, lieber Besucher,<\/strong><br> ich hei\u00dfe Sie herzlich auf meiner Homepage willkommen und freue mich \u00fcber Ihr Interesse.<br><br> Mein Name ist Kerstin Schaller und ich arbeite als selbst\u00e4ndige Lerntherapeutin in eigener Praxis. <br>Auf den folgenden Seiten m\u00f6chte ich Ihnen wichtige Informationen geben und meine <a href=\"http:\/\/lerntherapie-schaller.de\/?page_id=30\">Praxis<\/a> kurz vorstellen.<br><br><br><\/figcaption><\/figure><\/div>\n\n\n\n<p><\/p>\n","protected":false},"excerpt":{"rendered":"","protected":false},"author":1,"featured_media":0,"parent":0,"menu_order":0,"comment_status":"closed","ping_status":"closed","template":"","meta":[],"_links":{"self":[{"href":"https:\/\/lerntherapie-schaller.de\/index.php?rest_route=\/wp\/v2\/pages\/33"}],"collection":[{"href":"https:\/\/lerntherapie-schaller.de\/index.php?rest_route=\/wp\/v2\/pages"}],"about":[{"href":"https:\/\/lerntherapie-schaller.de\/index.php?rest_route=\/wp\/v2\/types\/page"}],"author":[{"embeddable":true,"href":"https:\/\/lerntherapie-schaller.de\/index.php?rest_route=\/wp\/v2\/users\/1"}],"replies":[{"embeddable":true,"href":"https:\/\/lerntherapie-schaller.de\/index.php?rest_route=%2Fwp%2Fv2%2Fcomments&post=33"}],"version-history":[{"count":15,"href":"https:\/\/lerntherapie-schaller.de\/index.php?rest_route=\/wp\/v2\/pages\/33\/revisions"}],"predecessor-version":[{"id":192,"href":"https:\/\/lerntherapie-schaller.de\/index.php?rest_route=\/wp\/v2\/pages\/33\/revisions\/192"}],"wp:attachment":[{"href":"https:\/\/lerntherapie-schaller.de\/index.php?rest_route=%2Fwp%2Fv2%2Fmedia&parent=33"}],"curies":[{"name":"wp","href":"https:\/\/api.w.org\/{rel}","templated":true}]}}