{"id":32,"date":"2019-10-27T11:22:12","date_gmt":"2019-10-27T11:22:12","guid":{"rendered":"http:\/\/lerntherapie-schaller.de\/?page_id=32"},"modified":"2020-06-03T15:04:17","modified_gmt":"2020-06-03T13:04:17","slug":"kontakt","status":"publish","type":"page","link":"https:\/\/lerntherapie-schaller.de\/?page_id=32","title":{"rendered":"Kontakt"},"content":{"rendered":"\n<p><strong>Ich freue mich, Sie in einem pers\u00f6nlichen Beratungsgespr\u00e4ch kennenzulernen.<br><\/strong><strong>Dieser erste Termin ist f\u00fcr Sie kostenlos und unverbindlich.<\/strong><\/p>\n\n\n\n<p>Bitte kontaktieren Sie mich:<\/p>\n\n\n\n<p><strong>Adresse:<\/strong><\/p>\n\n\n\n<p>Kerstin Schaller<\/p>\n\n\n\n<p>Breslauer Stra\u00dfe 6, 90559 Burgthann<br>Tel.: 09183 \/ 93 96 88<\/p>\n\n\n\n<p>Bitte nutzen Sie den Anrufbeantworter, falls ich Ihren Anruf nicht pers\u00f6nlich entgegennehmen kann. W\u00e4hrend Beratungsgespr\u00e4chen und Therapie-Einheiten ist mein Telefon auf lautlos gestellt. Ich rufe Sie zeitnah zur\u00fcck, wenn Sie mir Ihre Nachricht und Ihre Telefonnummer hinterlassen. Herzlichen Dank!<\/p>\n\n\n\n<p>Alternativ k\u00f6nnen Sie nat\u00fcrlich auch per E-Mail Kontakt mit mir aufnehmen. <\/p>\n\n\n\n<p><strong>E-Mail:<\/strong><br> info(at)lerntherapie-schaller.de<\/p>\n\n\n\n<figure class=\"wp-block-image is-resized\"><img loading=\"lazy\" src=\"http:\/\/lerntherapie-schaller.de\/wp-content\/uploads\/2019\/10\/Kerstin2.png\" alt=\"\" class=\"wp-image-100\" width=\"375\" height=\"249\" srcset=\"https:\/\/lerntherapie-schaller.de\/wp-content\/uploads\/2019\/10\/Kerstin2.png 640w, https:\/\/lerntherapie-schaller.de\/wp-content\/uploads\/2019\/10\/Kerstin2-300x200.png 300w\" sizes=\"(max-width: 375px) 100vw, 375px\" \/><figcaption>Herzlichst, Ihre Kerstin Schaller<\/figcaption><\/figure>\n\n\n\n<p><\/p>\n\n\n\n<p><\/p>\n","protected":false},"excerpt":{"rendered":"<p>Ich freue mich, Sie in einem pers\u00f6nlichen Beratungsgespr\u00e4ch kennenzulernen.Dieser erste Termin ist f\u00fcr Sie kostenlos und unverbindlich. Bitte kontaktieren Sie mich: Adresse: Kerstin Schaller Breslauer Stra\u00dfe 6, 90559 BurgthannTel.: 09183 \/ 93 96 88 Bitte nutzen Sie den Anrufbeantworter, falls ich Ihren Anruf nicht pers\u00f6nlich entgegennehmen kann. W\u00e4hrend Beratungsgespr\u00e4chen und Therapie-Einheiten ist mein Telefon auf<\/p>\n","protected":false},"author":1,"featured_media":0,"parent":0,"menu_order":0,"comment_status":"closed","ping_status":"closed","template":"","meta":[],"_links":{"self":[{"href":"https:\/\/lerntherapie-schaller.de\/index.php?rest_route=\/wp\/v2\/pages\/32"}],"collection":[{"href":"https:\/\/lerntherapie-schaller.de\/index.php?rest_route=\/wp\/v2\/pages"}],"about":[{"href":"https:\/\/lerntherapie-schaller.de\/index.php?rest_route=\/wp\/v2\/types\/page"}],"author":[{"embeddable":true,"href":"https:\/\/lerntherapie-schaller.de\/index.php?rest_route=\/wp\/v2\/users\/1"}],"replies":[{"embeddable":true,"href":"https:\/\/lerntherapie-schaller.de\/index.php?rest_route=%2Fwp%2Fv2%2Fcomments&post=32"}],"version-history":[{"count":6,"href":"https:\/\/lerntherapie-schaller.de\/index.php?rest_route=\/wp\/v2\/pages\/32\/revisions"}],"predecessor-version":[{"id":154,"href":"https:\/\/lerntherapie-schaller.de\/index.php?rest_route=\/wp\/v2\/pages\/32\/revisions\/154"}],"wp:attachment":[{"href":"https:\/\/lerntherapie-schaller.de\/index.php?rest_route=%2Fwp%2Fv2%2Fmedia&parent=32"}],"curies":[{"name":"wp","href":"https:\/\/api.w.org\/{rel}","templated":true}]}}