{"id":31,"date":"2019-10-27T11:22:12","date_gmt":"2019-10-27T11:22:12","guid":{"rendered":"http:\/\/lerntherapie-schaller.de\/?page_id=31"},"modified":"2020-05-13T15:06:31","modified_gmt":"2020-05-13T13:06:31","slug":"impressum","status":"publish","type":"page","link":"https:\/\/lerntherapie-schaller.de\/?page_id=31","title":{"rendered":"Impressum"},"content":{"rendered":"\n<p><strong>Angaben gem\u00e4\u00df \u00a75 TMG<\/strong>:<\/p>\n\n\n\n<p>Kerstin Schaller<br>Breslauer Stra\u00dfe 6<br>90559 Burgthann<br><br>Tel.: 09183939688<br>E-Mail: info(at)lerntherapie-schaller.de<br><br><strong>Verantwortlich f\u00fcr Inhalt nach $55 RStV<\/strong><br><br>Kerstin Schaller<br><br><strong>Datenschutzerkl\u00e4rung<\/strong>:<\/p>\n\n\n\n<h4 id=\"m14\">Einleitung<\/h4>\n\n\n\n<p>Mit der folgenden Datenschutzerkl\u00e4rung m\u00f6chten wir Sie dar\u00fcber aufkl\u00e4ren, welche Arten Ihrer personenbezogenen Daten (nachfolgend auch kurz als &#8222;Daten\u201c bezeichnet) wir zu welchen Zwecken und in welchem Umfang verarbeiten. Die Datenschutzerkl\u00e4rung gilt f\u00fcr alle von uns durchgef\u00fchrten Verarbeitungen personenbezogener Daten, sowohl im Rahmen der Erbringung unserer Leistungen als auch insbesondere auf unseren Webseiten, in mobilen Applikationen sowie innerhalb externer Onlinepr\u00e4senzen, wie z.B. unserer Social-Media-Profile (nachfolgend zusammenfassend bezeichnet als &#8222;Onlineangebot\u201c).<\/p>\n\n\n\n<p>Die verwendeten Begriffe sind nicht geschlechtsspezifisch.<\/p>\n\n\n\n<p>Stand: 27. Oktober 2019<\/p>\n\n\n\n<h4>Inhalts\u00fcbersicht<\/h4>\n\n\n\n<ul><li><a href=\"#m14\"> Einleitung<\/a><\/li><li><a href=\"#m3\"> Verantwortlicher<\/a><\/li><li><a href=\"#mOverview\"> \u00dcbersicht der Verarbeitungen<\/a><\/li><li><a href=\"#m13\"> Ma\u00dfgebliche Rechtsgrundlagen<\/a><\/li><li><a href=\"#m27\"> Sicherheitsma\u00dfnahmen<\/a><\/li><li><a href=\"#m24\"> Datenverarbeitung in Drittl\u00e4ndern<\/a><\/li><li><a href=\"#m317\"> Kommerzielle und gesch\u00e4ftliche Leistungen<\/a><\/li><li><a href=\"#m182\"> Kontaktaufnahme<\/a><\/li><li><a href=\"#m225\"> Bereitstellung des Onlineangebotes und Webhosting<\/a><\/li><li><a href=\"#m12\"> L\u00f6schung von Daten<\/a><\/li><li><a href=\"#m15\"> \u00c4nderung und Aktualisierung der Datenschutzerkl\u00e4rung<\/a><\/li><li><a href=\"#m10\"> Rechte der betroffenen Personen<\/a><\/li><\/ul>\n\n\n\n<h4 id=\"m3\">Verantwortlicher<\/h4>\n\n\n\n<p>Kerstin Schaller<br>Breslauer Stra\u00dfe 6<br>90559 Burgthann<\/p>\n\n\n\n<p><strong>E-Mail-Adresse<\/strong>: info@lerntherapie-schaller.de<\/p>\n\n\n\n<p><strong>Impressum<\/strong>: <a href=\"http:\/\/lerntherapie-schaller.de\/?page_id=31\" target=\"_blank\" rel=\"noreferrer noopener\">http:\/\/lerntherapie-schaller.de\/?page_id=31<\/a><\/p>\n\n\n\n<h4 id=\"mOverview\">\u00dcbersicht der Verarbeitungen<\/h4>\n\n\n\n<p>Die nachfolgende \u00dcbersicht fasst die Arten der verarbeiteten Daten und die Zwecke ihrer Verarbeitung zusammen und verweist auf die betroffenen Personen.<\/p>\n\n\n\n<h4>Arten der verarbeiteten Daten<\/h4>\n\n\n\n<ul><li>Bestandsdaten (z.B. Namen, Adressen).<\/li><li>Inhaltsdaten  (z.B. Texteingaben, Fotografien, Videos).<\/li><li>Kontaktdaten (z.B. E-Mail, Telefonnummern).<\/li><li>Meta-\/Kommunikationsdaten (z.B. Ger\u00e4te-Informationen, IP-Adressen).<\/li><li>Nutzungsdaten  (z.B. besuchte Webseiten, Interesse an Inhalten, Zugriffszeiten).<\/li><li>Vertragsdaten  (z.B. Vertragsgegenstand, Laufzeit, Kundenkategorie).<\/li><li>Zahlungsdaten (z.B. Bankverbindungen, Rechnungen, Zahlungshistorie).<\/li><\/ul>\n\n\n\n<h4>Besondere Kategorien von Daten<\/h4>\n\n\n\n<ul><li>Daten, aus denen die rassische und ethnische Herkunft hervorgehen.<\/li><\/ul>\n\n\n\n<h4>Kategorien betroffener Personen<\/h4>\n\n\n\n<ul><li>Gesch\u00e4fts- und Vertragspartner.<\/li><li>Interessenten.<\/li><li>Kommunikationspartner.<\/li><li>Nutzer (z.B. Webseitenbesucher, Nutzer von Onlinediensten).<\/li><\/ul>\n\n\n\n<h4>Zwecke der Verarbeitung<\/h4>\n\n\n\n<ul><li>B\u00fcro- und Organisationsverfahren.<\/li><li>Kontaktanfragen und Kommunikation.<\/li><li>Vertragliche Leistungen und Service.<\/li><li>Verwaltung und Beantwortung von Anfragen.<\/li><\/ul>\n\n\n\n<h4 id=\"m13\">Ma\u00dfgebliche Rechtsgrundlagen<\/h4>\n\n\n\n<p>Im Folgenden teilen wir die Rechtsgrundlagen der Datenschutzgrundverordnung (DSGVO), auf deren Basis wir die personenbezogenen Daten verarbeiten, mit. Bitte beachten Sie, dass zus\u00e4tzlich zu den Regelungen der DSGVO die nationalen Datenschutzvorgaben in Ihrem bzw. unserem Wohn- und Sitzland gelten k\u00f6nnen.<\/p>\n\n\n\n<ul><li><strong>Vertragserf\u00fcllung und vorvertragliche Anfragen (Art. 6 Abs. 1 S. 1 lit. b. DSGVO)<\/strong> &#8211; Die Verarbeitung ist f\u00fcr die Erf\u00fcllung eines Vertrags, dessen Vertragspartei die betroffene Person ist, oder zur Durchf\u00fchrung vorvertraglicher Ma\u00dfnahmen erforderlich, die auf Anfrage der betroffenen Person erfolgen.<\/li><li><strong>Rechtliche Verpflichtung (Art. 6 Abs. 1 S. 1 lit. c. DSGVO)<\/strong> &#8211; Die Verarbeitung ist zur Erf\u00fcllung einer rechtlichen Verpflichtung erforderlich, der der Verantwortliche unterliegt.<\/li><li><strong>Berechtigte Interessen (Art. 6 Abs. 1 S. 1 lit. f. DSGVO)<\/strong> &#8211; Die Verarbeitung ist zur Wahrung der berechtigten Interessen des Verantwortlichen oder eines Dritten erforderlich, sofern nicht die Interessen oder Grundrechte und Grundfreiheiten der betroffenen Person, die den Schutz personenbezogener Daten erfordern, \u00fcberwiegen.<\/li><\/ul>\n\n\n\n<p><strong>Nationale Datenschutzregelungen in Deutschland<\/strong>: Zus\u00e4tzlich zu den Datenschutzregelungen der Datenschutz-Grundverordnung gelten nationale Regelungen zum Datenschutz in Deutschland. Hierzu geh\u00f6rt insbesondere das Gesetz zum Schutz vor Missbrauch personenbezogener Daten bei der Datenverarbeitung (Bundesdatenschutzgesetz \u2013 BDSG). Das BDSG enth\u00e4lt insbesondere Spezialregelungen zum Recht auf Auskunft, zum Recht auf L\u00f6schung, zum Widerspruchsrecht, zur Verarbeitung besonderer Kategorien personenbezogener Daten, zur Verarbeitung f\u00fcr andere Zwecke und zur \u00dcbermittlung sowie automatisierten Entscheidungsfindung im Einzelfall einschlie\u00dflich Profiling. Des Weiteren regelt es die Datenverarbeitung f\u00fcr Zwecke des Besch\u00e4ftigungsverh\u00e4ltnisses (\u00a7 26 BDSG), insbesondere im Hinblick auf die Begr\u00fcndung, Durchf\u00fchrung oder Beendigung von Besch\u00e4ftigungsverh\u00e4ltnissen sowie die Einwilligung von Besch\u00e4ftigten. Ferner k\u00f6nnen Landesdatenschutzgesetze der einzelnen Bundesl\u00e4nder zur Anwendung gelangen.<\/p>\n\n\n\n<h4 id=\"m27\">Sicherheitsma\u00dfnahmen<\/h4>\n\n\n\n<p>Wir treffen nach Ma\u00dfgabe der gesetzlichen Vorgaben unter Ber\u00fccksichtigung des Stands der Technik, der Implementierungskosten und der Art, des Umfangs, der Umst\u00e4nde und der Zwecke der Verarbeitung sowie der unterschiedlichen Eintrittswahrscheinlichkeiten und des Ausma\u00dfes der Bedrohung der Rechte und Freiheiten nat\u00fcrlicher Personen geeignete technische und organisatorische Ma\u00dfnahmen, um ein dem Risiko angemessenes Schutzniveau zu gew\u00e4hrleisten.<\/p>\n\n\n\n<p>Zu den Ma\u00dfnahmen geh\u00f6ren insbesondere die Sicherung der Vertraulichkeit, Integrit\u00e4t und Verf\u00fcgbarkeit von Daten durch Kontrolle des physischen und elektronischen Zugangs zu den Daten als auch des sie betreffenden Zugriffs, der Eingabe, der Weitergabe, der Sicherung der Verf\u00fcgbarkeit und ihrer Trennung. Des Weiteren haben wir Verfahren eingerichtet, die eine Wahrnehmung von Betroffenenrechten, die L\u00f6schung von Daten und Reaktionen auf die Gef\u00e4hrdung der Daten gew\u00e4hrleisten. Ferner ber\u00fccksichtigen wir den Schutz personenbezogener Daten bereits bei der Entwicklung bzw. Auswahl von Hardware, Software sowie Verfahren entsprechend dem Prinzip des Datenschutzes, durch Technikgestaltung und durch datenschutzfreundliche Voreinstellungen.<\/p>\n\n\n\n<h4 id=\"m24\">Datenverarbeitung in Drittl\u00e4ndern<\/h4>\n\n\n\n<p>Sofern wir Daten in einem Drittland (d.h., au\u00dferhalb der Europ\u00e4ischen Union (EU), des Europ\u00e4ischen Wirtschaftsraums (EWR)) verarbeiten oder die Verarbeitung im Rahmen der Inanspruchnahme von Diensten Dritter oder der Offenlegung bzw. \u00dcbermittlung von Daten an andere Personen, Stellen oder Unternehmen stattfindet, erfolgt dies nur im Einklang mit den gesetzlichen Vorgaben. <\/p>\n\n\n\n<p>Vorbehaltlich ausdr\u00fccklicher Einwilligung oder vertraglich oder gesetzlich erforderlicher \u00dcbermittlung verarbeiten oder lassen wir die Daten nur in Drittl\u00e4ndern mit einem anerkannten Datenschutzniveau, zu denen die unter dem &#8222;Privacy-Shield&#8220; zertifizierten US-Verarbeiter geh\u00f6ren, oder auf Grundlage besonderer Garantien, wie z.B. vertraglicher Verpflichtung durch sogenannte Standardschutzklauseln der EU-Kommission, des Vorliegens von Zertifizierungen oder verbindlicher interner Datenschutzvorschriften, verarbeiten (Art. 44 bis 49 DSGVO, Informationsseite der EU-Kommission: <a href=\"https:\/\/ec.europa.eu\/info\/law\/law-topic\/data-protection\/international-dimension-data-protection_de\" target=\"_blank\" rel=\"noreferrer noopener\">https:\/\/ec.europa.eu\/info\/law\/law-topic\/data-protection\/international-dimension-data-protection_de<\/a> ).<\/p>\n\n\n\n<h4 id=\"m317\">Kommerzielle und gesch\u00e4ftliche Leistungen<\/h4>\n\n\n\n<p>Wir verarbeiten Daten unserer Vertrags- und Gesch\u00e4ftspartner, z.B. Kunden und Interessenten (zusammenfassend bezeichnet als &#8222;Vertragspartner&#8220;) im Rahmen von vertraglichen und vergleichbaren Rechtsverh\u00e4ltnissen sowie damit verbundenen Ma\u00dfnahmen und im Rahmen der Kommunikation mit den Vertragspartnern (oder vorvertraglich), z.B., um Anfragen zu beantworten.<\/p>\n\n\n\n<p>Diese Daten verarbeiten wir zur Erf\u00fcllung unserer vertraglichen Pflichten, zur Sicherung unserer Rechte und zu Zwecken der mit diesen Angaben einhergehenden Verwaltungsaufgaben sowie der unternehmerischen Organisation. Die Daten der Vertragspartner geben wir im Rahmen des geltenden Rechts nur insoweit an Dritte weiter, als dies zu den vorgenannten Zwecken oder zur Erf\u00fcllung gesetzlicher Pflichten erforderlich ist oder mit Einwilligung der Vertragspartner erfolgt (z.B. an beteiligte Telekommunikations-, Transport- und sonstige Hilfsdienste sowie Subunternehmer, Banken, Steuer- und Rechtsberater, Zahlungsdienstleister oder Steuerbeh\u00f6rden). \u00dcber weitere Verarbeitungsformen, z.B. zu Zwecken des Marketings, werden die Vertragspartner im Rahmen dieser Datenschutzerkl\u00e4rung informiert.<\/p>\n\n\n\n<p>Welche Daten f\u00fcr die vorgenannten Zwecke erforderlich sind, teilen wir den Vertragspartnern vor oder im Rahmen der Datenerhebung, z.B. in Onlineformularen, durch besondere Kennzeichnung (z.B. Farben) bzw. Symbole (z.B. Sternchen o.\u00e4.), oder pers\u00f6nlich mit.<\/p>\n\n\n\n<p>Wir l\u00f6schen die Daten nach Ablauf gesetzlicher Gew\u00e4hrleistungs- und vergleichbarer Pflichten, d.h., grunds\u00e4tzlich nach Ablauf von 4 Jahren, es sei denn, dass die Daten in einem Kundenkonto gespeichert werden, z.B., solange sie aus gesetzlichen Gr\u00fcnden der Archivierung aufbewahrt werden m\u00fcssen (z.B. f\u00fcr Steuerzwecke im Regelfall 10 Jahre). Daten, die uns im Rahmen eines Auftrags durch den Vertragspartner offengelegt wurden, l\u00f6schen wir entsprechend den Vorgaben des Auftrags, grunds\u00e4tzlich nach Ende des Auftrags.<\/p>\n\n\n\n<p>Soweit wir zur Erbringung unserer Leistungen Drittanbieter oder Plattformen einsetzen, gelten im Verh\u00e4ltnis zwischen den Nutzern und den Anbietern die Gesch\u00e4ftsbedingungen und Datenschutzhinweise der jeweiligen Drittanbieter oder Plattformen.<\/p>\n\n\n\n<p><strong>Therapeutische Leistungen<\/strong>: Wir verarbeiten die Daten unserer Klienten sowie Interessenten und anderer Auftraggeber oder Vertragspartner (einheitlich bezeichnet als &#8222;Klienten\u201c), um ihnen gegen\u00fcber unsere Leistungen erbringen zu k\u00f6nnen. Die verarbeiteten Daten, die Art, der Umfang, der Zweck und die Erforderlichkeit ihrer Verarbeitung bestimmen sich nach dem zugrundeliegenden Vertrags- und Klientenverh\u00e4ltnis.<\/p>\n\n\n\n<p>In Rahmen unserer T\u00e4tigkeit k\u00f6nnen wir ferner besondere Kategorien von Daten, hier insbesondere Angaben zur Gesundheit der Klienten, ggf. mit Bezug zu deren Sexualleben oder der sexuellen Orientierung, sowie Daten, aus denen die rassische und ethnische Herkunft, politische Meinungen, religi\u00f6se oder weltanschauliche \u00dcberzeugungen oder die Gewerkschaftszugeh\u00f6rigkeit hervorgehen, verarbeiten. Hierzu holen wir, sofern erforderlich, eine ausdr\u00fcckliche Einwilligung der Klienten ein und verarbeiten die besonderen Kategorien von Daten ansonsten sofern dies der Gesundheit der Klienten dient, die Daten \u00f6ffentlich sind oder andere gesetzliche Erlaubnisse vorliegen.<\/p>\n\n\n\n<p>Sofern es f\u00fcr unsere Vertragserf\u00fcllung, zum Schutz lebenswichtiger Interessen oder gesetzlich erforderlich ist, bzw. eine Einwilligung der Klienten vorliegt, offenbaren oder \u00fcbermitteln wir die Daten der Klienten unter Beachtung der berufsrechtlichen Vorgaben an Dritte oder Beauftragte, wie z.B. Beh\u00f6rden, medizinischen Einrichtungen, Laboren, Abrechnungsstellen sowie im Bereich der IT, der B\u00fcro- oder vergleichbarer Dienstleistungen.<\/p>\n\n\n\n<ul><li><strong>Verarbeitete Datenarten:<\/strong> Bestandsdaten (z.B. Namen, Adressen), Zahlungsdaten (z.B. Bankverbindungen, Rechnungen, Zahlungshistorie), Kontaktdaten (z.B. E-Mail, Telefonnummern), Vertragsdaten  (z.B. Vertragsgegenstand, Laufzeit, Kundenkategorie).<\/li><li><strong>Besondere Datenkategorien:<\/strong> Gesundheitsdaten (Art. 9 Abs. 1 DGSVO), Daten zum Sexualleben oder der sexuellen Orientierung (Art. 9 Abs. 1 DGSVO), Religi\u00f6se oder weltanschauliche \u00dcberzeugungen (Art. 9 Abs. 1 DGSVO), Daten, aus denen die rassische und ethnische Herkunft hervorgehen.<\/li><li><strong>Betroffene Personen:<\/strong> Interessenten, Gesch\u00e4fts- und Vertragspartner.<\/li><li><strong>Zwecke der Verarbeitung:<\/strong> Vertragliche Leistungen und Service, Kontaktanfragen und Kommunikation, B\u00fcro- und Organisationsverfahren, Verwaltung und Beantwortung von Anfragen.<\/li><li><strong>Rechtsgrundlagen:<\/strong> Vertragserf\u00fcllung und vorvertragliche Anfragen (Art. 6 Abs. 1 S. 1 lit. b. DSGVO), Rechtliche Verpflichtung (Art. 6 Abs. 1 S. 1 lit. c. DSGVO), Berechtigte Interessen (Art. 6 Abs. 1 S. 1 lit. f. DSGVO).<\/li><\/ul>\n\n\n\n<h4 id=\"m182\">Kontaktaufnahme<\/h4>\n\n\n\n<p>Bei der Kontaktaufnahme mit uns (z.B. per Kontaktformular, E-Mail, Telefon oder via soziale Medien) werden die Angaben der anfragenden Personen verarbeitet, soweit dies zur Beantwortung der Kontaktanfragen und etwaiger angefragter Ma\u00dfnahmen erforderlich ist.<\/p>\n\n\n\n<p>Die Beantwortung der Kontaktanfragen im Rahmen von vertraglichen oder vorvertraglichen Beziehungen erfolgt zur Erf\u00fcllung unserer vertraglichen Pflichten oder zur Beantwortung von (vor)vertraglichen Anfragen und im \u00dcbrigen auf Grundlage der berechtigten Interessen an der Beantwortung der Anfragen.<\/p>\n\n\n\n<ul><li><strong>Verarbeitete Datenarten:<\/strong> Bestandsdaten (z.B. Namen, Adressen), Kontaktdaten (z.B. E-Mail, Telefonnummern), Inhaltsdaten  (z.B. Texteingaben, Fotografien, Videos).<\/li><li><strong>Betroffene Personen:<\/strong> Kommunikationspartner.<\/li><li><strong>Zwecke der Verarbeitung:<\/strong> Kontaktanfragen und Kommunikation.<\/li><li><strong>Rechtsgrundlagen:<\/strong> Vertragserf\u00fcllung und vorvertragliche Anfragen (Art. 6 Abs. 1 S. 1 lit. b. DSGVO), Berechtigte Interessen (Art. 6 Abs. 1 S. 1 lit. f. DSGVO).<\/li><\/ul>\n\n\n\n<h4 id=\"m225\">Bereitstellung des Onlineangebotes und Webhosting<\/h4>\n\n\n\n<p>Um unser Onlineangebot sicher und effizient bereitstellen zu k\u00f6nnen, nehmen wir die Leistungen von einem oder mehreren Webhosting-Anbietern in Anspruch, von deren Servern (bzw. von ihnen verwalteten Servern) das Onlineangebot abgerufen werden kann. Zu diesen Zwecken k\u00f6nnen wir Infrastruktur- und Plattformdienstleistungen, Rechenkapazit\u00e4t, Speicherplatz und Datenbankdienste sowie Sicherheitsleistungen und technische Wartungsleistungen in Anspruch nehmen.<\/p>\n\n\n\n<p>Zu den im Rahmen der Bereitstellung des Hostingangebotes verarbeiteten Daten k\u00f6nnen alle die Nutzer unseres Onlineangebotes betreffenden Angaben geh\u00f6ren, die im Rahmen der Nutzung und der Kommunikation anfallen. Hierzu geh\u00f6ren regelm\u00e4\u00dfig die IP-Adresse, die notwendig ist, um die Inhalte von Onlineangeboten an Browser ausliefern zu k\u00f6nnen, und alle innerhalb unseres Onlineangebotes oder von Webseiten get\u00e4tigten Eingaben.<\/p>\n\n\n\n<p><strong>E-Mail-Versand und -Hosting<\/strong>: Die von uns in Anspruch genommenen Webhosting-Leistungen umfassen ebenfalls den Versand, den Empfang sowie die Speicherung von E-Mails. Zu diesen Zwecken werden die Adressen der Empf\u00e4nger sowie Absender als auch weitere Informationen betreffend den E-Mailversand (z.B. die beteiligten Provider) sowie die Inhalte der jeweiligen E-Mails verarbeitet. Die vorgenannten Daten k\u00f6nnen ferner zu Zwecken der Erkennung von SPAM verarbeitet werden. Wir bitten darum, zu beachten, dass E-Mails im Internet grunds\u00e4tzlich nicht verschl\u00fcsselt versendet werden. Im Regelfall werden E-Mails zwar auf dem Transportweg verschl\u00fcsselt, aber (sofern kein sogenanntes Ende-zu-Ende-Verschl\u00fcsselungsverfahren eingesetzt wird) nicht auf den Servern, von denen sie abgesendet und empfangen werden. Wir k\u00f6nnen daher f\u00fcr den \u00dcbertragungsweg der E-Mails zwischen dem Absender und dem Empfang auf unserem Server keine Verantwortung \u00fcbernehmen.<\/p>\n\n\n\n<p><strong>Erhebung von Zugriffsdaten und Logfiles<\/strong>: Wir selbst (bzw. unser Webhostinganbieter) erheben Daten zu jedem Zugriff auf den Server (sogenannte Serverlogfiles). Zu den Serverlogfiles k\u00f6nnen die Adresse und Name der abgerufenen Webseiten und Dateien, Datum und Uhrzeit des Abrufs, \u00fcbertragene Datenmengen, Meldung \u00fcber erfolgreichen Abruf, Browsertyp nebst Version, das Betriebssystem des Nutzers, Referrer URL (die zuvor besuchte Seite) und im Regelfall IP-Adressen und der anfragende Provider geh\u00f6ren.<\/p>\n\n\n\n<p>Die Serverlogfiles k\u00f6nnen zum einen zu Zwecken der Sicherheit eingesetzt werden, z.B., um eine \u00dcberlastung der Server zu vermeiden (insbesondere im Fall von missbr\u00e4uchlichen Angriffen, sogenannten DDoS-Attacken) und zum anderen, um die Auslastung der Server und ihre Stabilit\u00e4t sicherzustellen.<\/p>\n\n\n\n<ul><li><strong>Verarbeitete Datenarten:<\/strong> Inhaltsdaten  (z.B. Texteingaben, Fotografien, Videos), Nutzungsdaten  (z.B. besuchte Webseiten, Interesse an Inhalten, Zugriffszeiten), Meta-\/Kommunikationsdaten (z.B. Ger\u00e4te-Informationen, IP-Adressen).<\/li><li><strong>Betroffene Personen:<\/strong> Nutzer (z.B. Webseitenbesucher, Nutzer von Onlinediensten).<\/li><li><strong>Rechtsgrundlagen:<\/strong> Berechtigte Interessen (Art. 6 Abs. 1 S. 1 lit. f. DSGVO).<\/li><\/ul>\n\n\n\n<h4 id=\"m12\">L\u00f6schung von Daten<\/h4>\n\n\n\n<p>Die von uns verarbeiteten Daten werden nach Ma\u00dfgabe der gesetzlichen Vorgaben gel\u00f6scht, sobald deren zur Verarbeitung erlaubten Einwilligungen widerrufen werden oder sonstige Erlaubnisse entfallen (z.B., wenn der Zweck der Verarbeitung dieser Daten entfallen ist oder sie f\u00fcr den Zweck nicht erforderlich sind).<\/p>\n\n\n\n<p>Sofern die Daten nicht gel\u00f6scht werden, weil sie f\u00fcr andere und gesetzlich zul\u00e4ssige Zwecke erforderlich sind, wird deren Verarbeitung auf diese Zwecke beschr\u00e4nkt. D.h., die Daten werden gesperrt und nicht f\u00fcr andere Zwecke verarbeitet. Das gilt z.B. f\u00fcr Daten, die aus handels- oder steuerrechtlichen Gr\u00fcnden aufbewahrt werden m\u00fcssen oder deren Speicherung zur Geltendmachung, Aus\u00fcbung oder Verteidigung von Rechtsanspr\u00fcchen oder zum Schutz der Rechte einer anderen nat\u00fcrlichen oder juristischen Person erforderlich ist.<\/p>\n\n\n\n<p>Weitere Hinweise zu der L\u00f6schung von personenbezogenen Daten k\u00f6nnen ferner im Rahmen der einzelnen Datenschutzhinweise dieser Datenschutzerkl\u00e4rung erfolgen.<\/p>\n\n\n\n<h4 id=\"m15\">\u00c4nderung und Aktualisierung der Datenschutzerkl\u00e4rung<\/h4>\n\n\n\n<p>Wir bitten Sie, sich regelm\u00e4\u00dfig \u00fcber den Inhalt unserer Datenschutzerkl\u00e4rung zu informieren. Wir passen die Datenschutzerkl\u00e4rung an, sobald die \u00c4nderungen der von uns durchgef\u00fchrten Datenverarbeitungen dies erforderlich machen. Wir informieren Sie, sobald durch die \u00c4nderungen eine Mitwirkungshandlung Ihrerseits (z.B. Einwilligung) oder eine sonstige individuelle Benachrichtigung erforderlich wird.<\/p>\n\n\n\n<h4 id=\"m10\">Rechte der betroffenen Personen<\/h4>\n\n\n\n<p>Ihnen stehen als Betroffene nach der DSGVO verschiedene Rechte zu, die sich insbesondere aus Art. 15 bis 18 und 21 DS-GVO ergeben:<\/p>\n\n\n\n<ul><li><strong>Widerspruchsrecht: Sie haben das Recht, aus Gr\u00fcnden, die sich aus Ihrer besonderen Situation ergeben, jederzeit gegen die Verarbeitung der Sie betreffenden personenbezogenen Daten, die aufgrund von Art. 6 Abs. 1 lit. e oder f DSGVO erfolgt, Widerspruch einzulegen; dies gilt auch f\u00fcr ein auf diese Bestimmungen gest\u00fctztes Profiling. Werden die Sie betreffenden personenbezogenen Daten verarbeitet, um Direktwerbung zu betreiben, haben Sie das Recht, jederzeit Widerspruch gegen die Verarbeitung der Sie betreffenden personenbezogenen Daten zum Zwecke derartiger Werbung einzulegen; dies gilt auch f\u00fcr das Profiling, soweit es mit solcher Direktwerbung in Verbindung steht.<\/strong><\/li><li><strong>Widerrufsrecht bei Einwilligungen:<\/strong> Sie haben das Recht, erteilte Einwilligungen jederzeit zu widerrufen.<\/li><li><strong>Auskunftsrecht:<\/strong> Sie haben das Recht, eine Best\u00e4tigung dar\u00fcber zu verlangen, ob betreffende Daten verarbeitet werden und auf Auskunft \u00fcber diese Daten sowie auf weitere Informationen und Kopie der Daten entsprechend den gesetzlichen Vorgaben.<\/li><li><strong>Recht auf Berichtigung:<\/strong> Sie haben entsprechend den gesetzlichen Vorgaben das Recht, die Vervollst\u00e4ndigung der Sie betreffenden Daten oder die Berichtigung der Sie betreffenden unrichtigen Daten zu verlangen.<\/li><li><strong>Recht auf L\u00f6schung und Einschr\u00e4nkung der Verarbeitung:<\/strong> Sie haben nach Ma\u00dfgabe der gesetzlichen Vorgaben das Recht, zu verlangen, dass Sie betreffende Daten unverz\u00fcglich gel\u00f6scht werden, bzw. alternativ nach Ma\u00dfgabe der gesetzlichen Vorgaben eine Einschr\u00e4nkung der Verarbeitung der Daten zu verlangen.<\/li><li><strong>Recht auf Daten\u00fcbertragbarkeit:<\/strong> Sie haben das Recht, Sie betreffende Daten, die Sie uns bereitgestellt haben, nach Ma\u00dfgabe der gesetzlichen Vorgaben in einem strukturierten, g\u00e4ngigen und maschinenlesbaren Format zu erhalten oder deren \u00dcbermittlung an einen anderen Verantwortlichen zu fordern.<\/li><li><strong>Beschwerde bei Aufsichtsbeh\u00f6rde:<\/strong> Sie haben ferner nach Ma\u00dfgabe der gesetzlichen Vorgaben das Recht,  bei einer Aufsichtsbeh\u00f6rde, insbesondere in dem Mitgliedstaat Ihres gew\u00f6hnlichen Aufenthaltsorts, Ihres Arbeitsplatzes oder des Orts des mutma\u00dflichen Versto\u00dfes, wenn Sie der Ansicht sind, dass die Verarbeitung der Sie betreffenden personenbezogenen Daten gegen die DSGVO verst\u00f6\u00dft.<\/li><\/ul>\n\n\n\n<p><a href=\"https:\/\/datenschutz-generator.de\/?l=de\" target=\"_blank\" rel=\"noreferrer noopener\">Erstellt mit kostenlosem Datenschutz-Generator.de von Dr. Thomas Schwenke<\/a><\/p>\n\n\n\n<p><br><br><\/p>\n","protected":false},"excerpt":{"rendered":"<p>Angaben gem\u00e4\u00df \u00a75 TMG: Kerstin SchallerBreslauer Stra\u00dfe 690559 Burgthann Tel.: 09183939688E-Mail: info(at)lerntherapie-schaller.de Verantwortlich f\u00fcr Inhalt nach $55 RStV Kerstin Schaller Datenschutzerkl\u00e4rung: Einleitung Mit der folgenden Datenschutzerkl\u00e4rung m\u00f6chten wir Sie dar\u00fcber aufkl\u00e4ren, welche Arten Ihrer personenbezogenen Daten (nachfolgend auch kurz als &#8222;Daten\u201c bezeichnet) wir zu welchen Zwecken und in welchem Umfang verarbeiten. Die Datenschutzerkl\u00e4rung gilt f\u00fcr<\/p>\n","protected":false},"author":1,"featured_media":0,"parent":0,"menu_order":0,"comment_status":"closed","ping_status":"closed","template":"","meta":[],"_links":{"self":[{"href":"https:\/\/lerntherapie-schaller.de\/index.php?rest_route=\/wp\/v2\/pages\/31"}],"collection":[{"href":"https:\/\/lerntherapie-schaller.de\/index.php?rest_route=\/wp\/v2\/pages"}],"about":[{"href":"https:\/\/lerntherapie-schaller.de\/index.php?rest_route=\/wp\/v2\/types\/page"}],"author":[{"embeddable":true,"href":"https:\/\/lerntherapie-schaller.de\/index.php?rest_route=\/wp\/v2\/users\/1"}],"replies":[{"embeddable":true,"href":"https:\/\/lerntherapie-schaller.de\/index.php?rest_route=%2Fwp%2Fv2%2Fcomments&post=31"}],"version-history":[{"count":5,"href":"https:\/\/lerntherapie-schaller.de\/index.php?rest_route=\/wp\/v2\/pages\/31\/revisions"}],"predecessor-version":[{"id":138,"href":"https:\/\/lerntherapie-schaller.de\/index.php?rest_route=\/wp\/v2\/pages\/31\/revisions\/138"}],"wp:attachment":[{"href":"https:\/\/lerntherapie-schaller.de\/index.php?rest_route=%2Fwp%2Fv2%2Fmedia&parent=31"}],"curies":[{"name":"wp","href":"https:\/\/api.w.org\/{rel}","templated":true}]}}