{"id":70,"date":"2019-10-27T17:41:39","date_gmt":"2019-10-27T17:41:39","guid":{"rendered":"http:\/\/lerntherapie-schaller.de\/?page_id=70"},"modified":"2021-06-01T16:46:06","modified_gmt":"2021-06-01T14:46:06","slug":"wissenswertes","status":"publish","type":"page","link":"http:\/\/lerntherapie-schaller.de\/?page_id=70","title":{"rendered":"Das Marburger Konzentrationstraining (MKT)"},"content":{"rendered":"\n<p>Das Marburger Konzentrationstraining umfasst <strong>sechs Einheiten zu je 75 Minuten<\/strong> und findet in meiner Praxis als Einzeltraining statt. Es ist f\u00fcr Vorschulkinder ebenso geeignet wie f\u00fcr Grundschulkinder und Jugendliche.<\/p>\n\n\n\n<p>Vom Marburger Konzentrationstraining k\u00f6nnen besonders Kinder und Jugendliche profitieren, die<\/p>\n\n\n\n<ul><li>sich leicht ablenken lassen,<\/li><li>noch nicht selbst\u00e4ndig arbeiten,<\/li><li>nur schwer mit einer Aufgabe beginnen k\u00f6nnen,<\/li><li>Aufgaben fl\u00fcchtig und fehlerhaft bearbeiten,<\/li><li>sich wenig zutrauen,<\/li><li>sehr viel Zuwendung brauchen,<\/li><li>Anzeichen einer Aufmerksamkeitsst\u00f6rung haben,<\/li><li>schlecht mit Misserfolgen umgehen k\u00f6nnen.<\/li><\/ul>\n\n\n\n<p>Ziele des Marburger Konzentrationstrainings sind,<\/p>\n\n\n\n<ul><li>die Aufmerksamkeitssteuerung und die Selbst\u00e4ndigkeit zu erh\u00f6hen,<\/li><li>das strukturierte Bearbeiten von Aufgaben zu \u00fcben,<\/li><li>den angemessenen Umgang mit Fehlern zu lernen,<\/li><li>Feinmotorik, Wahrnehmung, Denkf\u00e4higkeit und Ged\u00e4chtnis zu trainieren,<\/li><li>Vertrauen in die eigenen F\u00e4higkeiten aufzubauen.<\/li><\/ul>\n\n\n\n<p><strong>Auch f\u00fcr das Konzentrationstraining gilt mein Angebot eines kostenlosen, unverbindlichen Beratungsgespr\u00e4ches. Ich nehme mir gerne Zeit, um Ihnen die Methoden und den Ablauf des Trainings genauer vorzustellen.<\/strong><\/p>\n\n\n\n<p><strong>Bei Interesse nehmen Sie bitte telefonisch oder per E-Mail Kontakt mit mir auf.<\/strong><\/p>\n\n\n\n<p><strong>Ich freue mich auf Sie!<\/strong><\/p>\n","protected":false},"excerpt":{"rendered":"<p>Das Marburger Konzentrationstraining umfasst sechs Einheiten zu je 75 Minuten und findet in meiner Praxis als Einzeltraining statt. Es ist f\u00fcr Vorschulkinder ebenso geeignet wie f\u00fcr Grundschulkinder und Jugendliche. Vom Marburger Konzentrationstraining k\u00f6nnen besonders Kinder und Jugendliche profitieren, die sich leicht ablenken lassen, noch nicht selbst\u00e4ndig arbeiten, nur schwer mit einer Aufgabe beginnen k\u00f6nnen, Aufgaben<\/p>\n","protected":false},"author":1,"featured_media":0,"parent":0,"menu_order":0,"comment_status":"closed","ping_status":"closed","template":"","meta":[],"_links":{"self":[{"href":"http:\/\/lerntherapie-schaller.de\/index.php?rest_route=\/wp\/v2\/pages\/70"}],"collection":[{"href":"http:\/\/lerntherapie-schaller.de\/index.php?rest_route=\/wp\/v2\/pages"}],"about":[{"href":"http:\/\/lerntherapie-schaller.de\/index.php?rest_route=\/wp\/v2\/types\/page"}],"author":[{"embeddable":true,"href":"http:\/\/lerntherapie-schaller.de\/index.php?rest_route=\/wp\/v2\/users\/1"}],"replies":[{"embeddable":true,"href":"http:\/\/lerntherapie-schaller.de\/index.php?rest_route=%2Fwp%2Fv2%2Fcomments&post=70"}],"version-history":[{"count":9,"href":"http:\/\/lerntherapie-schaller.de\/index.php?rest_route=\/wp\/v2\/pages\/70\/revisions"}],"predecessor-version":[{"id":190,"href":"http:\/\/lerntherapie-schaller.de\/index.php?rest_route=\/wp\/v2\/pages\/70\/revisions\/190"}],"wp:attachment":[{"href":"http:\/\/lerntherapie-schaller.de\/index.php?rest_route=%2Fwp%2Fv2%2Fmedia&parent=70"}],"curies":[{"name":"wp","href":"https:\/\/api.w.org\/{rel}","templated":true}]}}